{"id":91,"date":"2020-08-01T16:32:36","date_gmt":"2020-08-01T16:32:36","guid":{"rendered":"https:\/\/marekzahorec.com\/?page_id=91"},"modified":"2020-08-17T21:21:08","modified_gmt":"2020-08-17T21:21:08","slug":"about-marek-zahorec","status":"publish","type":"page","link":"https:\/\/marekzahorec.com\/sk\/about-marek-zahorec\/","title":{"rendered":"O mne"},"content":{"rendered":"<p><\/p>\n\n\n\n<p><\/p>\n\n\n\n<p><\/p>\n\n\n\n<p>Po\u010das d\u0148a pracuje Marek Z\u00e1horec ako fyzioterapeut a n\u00e1pl\u0148ou jeho pr\u00e1ce je pom\u00e1ha\u0165 hendikepovan\u00fdm de\u0165om a \u013eu\u010fom zotavuj\u00facim sa po nehod\u00e1ch. Ke\u010f sa po pr\u00e1ci vr\u00e1ti domov za svojou man\u017eelkou a novorodenou dc\u00e9rou, st\u00e1va sa z neho otec na pln\u00fd \u00fav\u00e4zok. Zohrievanie flia\u0161, menenie plienok a starostlivos\u0165 o jeho pomaly sa rozrastaj\u00facu rodinu s\u00fa u\u0148ho na dennom poriadku. Z\u00e1horec sa narodil na Slovensku, jeho man\u017eelka poch\u00e1dza z Talianska a teraz spolu \u017eij\u00fa v Rak\u00fasku, tak\u017ee je zvyknut\u00fd prisp\u00f4sobova\u0165 sa prostrediu a prep\u00edna\u0165 medzi jazykmi. Po zotmen\u00ed sa ale vyn\u00e1ra jeho celkom in\u00e1 str\u00e1nka. Ke\u010f sa svet uklad\u00e1 k sp\u00e1nku, Marek si uvar\u00ed k\u00e1vu a zamkne sa vo svojej izbe, aby vymyslel pr\u00edbehy, z ktor\u00fdch \u010ditate\u013eom vst\u00e1vaj\u00fa vlasy dupkom, nemilosrdn\u00fdch antagonistov a hrdinov, ktor\u00ed s\u00fa pripraven\u00ed \u010deli\u0165 nepredstavite\u013en\u00e9mu.\u00a0<\/p>\n\n\n\n<figure class=\"wp-block-image size-large is-resized\"><img loading=\"lazy\" decoding=\"async\" src=\"blob:https:\/\/marekzahorec.com\/636dca4c-6fb4-4122-a214-c08686cd15e2\" alt=\"\" width=\"451\" height=\"677\"\/><\/figure>\n\n\n\n<p>Z\u00e1horcov debut bola zbierka kr\u00e1tkych hororov a thrillerov,&nbsp;<em>Tales from Portville (Pr\u00edbehy z Portvillu)<\/em>Jeho nadch\u00e1dzaj\u00faca kniha m\u00e1 n\u00e1zov&nbsp;<em>Moment pred smr\u0165ou<\/em>, thriller z prostredia mafie, odohr\u00e1vaj\u00faci sa v Amerike po\u010das prohib\u00edcie.&nbsp;<\/p>\n\n\n\n<p>Z\u00e1horec r\u00e1d komunikuje so svojimi \u010ditate\u013emi, tak\u017ee sa prihl\u00e1ste na odber a ako bonus dostanete jeho nadch\u00e1dzaj\u00facu eknihu Cabin in the woods \u00faplne zadarmo.<\/p>","protected":false},"excerpt":{"rendered":"<p>By day, Marek Z\u00e1horec works as a physical therapist, supporting handicapped children and recovering accident victims. When he returns home to his wife and newborn, it\u2019s time to heat up bottles, change diapers, and care for his budding family. Born a Slovak, married to an Italian, and now a resident of Austria, Z\u00e1horec is accustomed [&hellip;]<\/p>\n","protected":false},"author":2,"featured_media":0,"parent":0,"menu_order":0,"comment_status":"closed","ping_status":"closed","template":"","meta":{"nf_dc_page":"","om_disable_all_campaigns":false,"_monsterinsights_skip_tracking":false,"_monsterinsights_sitenote_active":false,"_monsterinsights_sitenote_note":"","_monsterinsights_sitenote_category":0,"_genesis_hide_title":false,"_genesis_hide_breadcrumbs":false,"_genesis_hide_singular_image":false,"_genesis_hide_footer_widgets":false,"_genesis_custom_body_class":"","_genesis_custom_post_class":"","_genesis_layout":"","jetpack_post_was_ever_published":false,"footnotes":""},"class_list":{"0":"post-91","1":"page","2":"type-page","3":"status-publish","5":"entry"},"jetpack_sharing_enabled":true,"jetpack_shortlink":"https:\/\/wp.me\/PcftO9-1t","_links":{"self":[{"href":"https:\/\/marekzahorec.com\/sk\/wp-json\/wp\/v2\/pages\/91","targetHints":{"allow":["GET"]}}],"collection":[{"href":"https:\/\/marekzahorec.com\/sk\/wp-json\/wp\/v2\/pages"}],"about":[{"href":"https:\/\/marekzahorec.com\/sk\/wp-json\/wp\/v2\/types\/page"}],"author":[{"embeddable":true,"href":"https:\/\/marekzahorec.com\/sk\/wp-json\/wp\/v2\/users\/2"}],"replies":[{"embeddable":true,"href":"https:\/\/marekzahorec.com\/sk\/wp-json\/wp\/v2\/comments?post=91"}],"version-history":[{"count":4,"href":"https:\/\/marekzahorec.com\/sk\/wp-json\/wp\/v2\/pages\/91\/revisions"}],"predecessor-version":[{"id":161,"href":"https:\/\/marekzahorec.com\/sk\/wp-json\/wp\/v2\/pages\/91\/revisions\/161"}],"wp:attachment":[{"href":"https:\/\/marekzahorec.com\/sk\/wp-json\/wp\/v2\/media?parent=91"}],"curies":[{"name":"wp","href":"https:\/\/api.w.org\/{rel}","templated":true}]}}