{"id":127,"date":"2020-08-02T15:30:58","date_gmt":"2020-08-02T15:30:58","guid":{"rendered":"https:\/\/marekzahorec.com\/?page_id=127"},"modified":"2020-08-18T21:09:10","modified_gmt":"2020-08-18T21:09:10","slug":"contact","status":"publish","type":"page","link":"https:\/\/marekzahorec.com\/sk\/contact\/","title":{"rendered":"Kontakt"},"content":{"rendered":"<h2 class=\"wp-block-heading\"><strong>I&#8217;d love to hear from you!<\/strong><\/h2>\n\n\n\n<div class=\"wp-block-image is-style-default\"><figure class=\"alignleft size-medium is-resized\"><img data-recalc-dims=\"1\" loading=\"lazy\" decoding=\"async\" src=\"https:\/\/i0.wp.com\/marekzahorec.com\/wp-content\/uploads\/2020\/08\/44628813_10215366761700799_1872189721933774848_o.jpg?resize=330%2C443&#038;ssl=1\" alt=\"\" class=\"wp-image-168\" width=\"330\" height=\"443\" srcset=\"https:\/\/i0.wp.com\/marekzahorec.com\/wp-content\/uploads\/2020\/08\/44628813_10215366761700799_1872189721933774848_o.jpg?resize=223%2C300&amp;ssl=1 223w, https:\/\/i0.wp.com\/marekzahorec.com\/wp-content\/uploads\/2020\/08\/44628813_10215366761700799_1872189721933774848_o.jpg?resize=762%2C1024&amp;ssl=1 762w, https:\/\/i0.wp.com\/marekzahorec.com\/wp-content\/uploads\/2020\/08\/44628813_10215366761700799_1872189721933774848_o.jpg?resize=768%2C1032&amp;ssl=1 768w, https:\/\/i0.wp.com\/marekzahorec.com\/wp-content\/uploads\/2020\/08\/44628813_10215366761700799_1872189721933774848_o.jpg?w=1072&amp;ssl=1 1072w\" sizes=\"auto, (max-width: 330px) 100vw, 330px\" \/><\/figure><\/div>\n\n\n\n<p>Ak m\u00e1te ot\u00e1zky, sp\u00e4tn\u00fa v\u00e4zbu k mojim knih\u00e1m, alebo ma chcete jednoducho pozdravi\u0165, m\u00f4\u017eete pou\u017ei\u0165 email uveden\u00fd ni\u017e\u0161ie.<\/p>\n\n\n\n<p><strong>Email:<\/strong>&nbsp;marekzaho@gmail.com<\/p>","protected":false},"excerpt":{"rendered":"<p>I&#8217;d love to hear from you! If you have questions\/feedback about my books or you would like to request an interview, or if you just want to say hello, you can use any of the methods below to contact me. Email:&nbsp;marekzaho@gmail.com<\/p>","protected":false},"author":2,"featured_media":0,"parent":0,"menu_order":0,"comment_status":"closed","ping_status":"closed","template":"","meta":{"nf_dc_page":"","om_disable_all_campaigns":false,"_monsterinsights_skip_tracking":false,"_monsterinsights_sitenote_active":false,"_monsterinsights_sitenote_note":"","_monsterinsights_sitenote_category":0,"_genesis_hide_title":false,"_genesis_hide_breadcrumbs":false,"_genesis_hide_singular_image":false,"_genesis_hide_footer_widgets":false,"_genesis_custom_body_class":"","_genesis_custom_post_class":"","_genesis_layout":"","jetpack_post_was_ever_published":false,"footnotes":""},"class_list":{"0":"post-127","1":"page","2":"type-page","3":"status-publish","5":"entry"},"jetpack_sharing_enabled":true,"jetpack_shortlink":"https:\/\/wp.me\/PcftO9-23","_links":{"self":[{"href":"https:\/\/marekzahorec.com\/sk\/wp-json\/wp\/v2\/pages\/127","targetHints":{"allow":["GET"]}}],"collection":[{"href":"https:\/\/marekzahorec.com\/sk\/wp-json\/wp\/v2\/pages"}],"about":[{"href":"https:\/\/marekzahorec.com\/sk\/wp-json\/wp\/v2\/types\/page"}],"author":[{"embeddable":true,"href":"https:\/\/marekzahorec.com\/sk\/wp-json\/wp\/v2\/users\/2"}],"replies":[{"embeddable":true,"href":"https:\/\/marekzahorec.com\/sk\/wp-json\/wp\/v2\/comments?post=127"}],"version-history":[{"count":4,"href":"https:\/\/marekzahorec.com\/sk\/wp-json\/wp\/v2\/pages\/127\/revisions"}],"predecessor-version":[{"id":169,"href":"https:\/\/marekzahorec.com\/sk\/wp-json\/wp\/v2\/pages\/127\/revisions\/169"}],"wp:attachment":[{"href":"https:\/\/marekzahorec.com\/sk\/wp-json\/wp\/v2\/media?parent=127"}],"curies":[{"name":"wp","href":"https:\/\/api.w.org\/{rel}","templated":true}]}}